{"id":227,"date":"2021-06-29T18:32:40","date_gmt":"2021-06-29T18:32:40","guid":{"rendered":"https:\/\/bccsite.accuratedev.ca\/privacy-policy\/"},"modified":"2021-07-09T09:58:50","modified_gmt":"2021-07-09T13:58:50","slug":"politique-de-confidentialite","status":"publish","type":"page","link":"https:\/\/www.no2-cef.ca\/fr\/politique-de-confidentialite\/","title":{"rendered":"Politique de confidentialit\u00e9"},"content":{"rendered":"<p>Nous recueillons des renseignements personnels aupr\u00e8s des visiteurs de notre site Web dans le cours normal de nos activit\u00e9s. Les informations ci-dessous vous permettent de savoir exactement comment nous prot\u00e9geons les informations que vous nous confiez.<\/p>\n<h2>Quelles informations personnelles collectez-vous \u00e0 mon sujet ?<\/h2>\n<p>Nous collectons les informations suivantes vous concernant si vous nous contactez via l\u2019un de nos formulaires de contact :<\/p>\n<ul>\n<li><strong>Nom<\/strong><\/li>\n<li><strong>Adresse courriel<\/strong><\/li>\n<li><strong>Ville<\/strong><\/li>\n<li><strong>Province\/\u00c9tat<\/strong><\/li>\n<li><strong>Vos commentaires, questions et tout autre texte que vous soumettez volontairement via nos formulaires<\/strong><\/li>\n<\/ul>\n<p>Conform\u00e9ment \u00e0 la loi, nous sommes tenus de maintenir vos informations exactes \u00e0 jour et de les s\u00e9curiser et de vous en fournir l\u2019acc\u00e8s sur demande. Les informations que nous collectons sont conserv\u00e9es dans notre base de donn\u00e9es s\u00e9curis\u00e9e et l\u2019acc\u00e8s est limit\u00e9 \u00e0 la personne que vous avez contact\u00e9e ou \u00e0 ses repr\u00e9sentants.<\/p>\n<p>Lorsque vous visitez notre site Web, nous :<\/p>\n<ul>\n<li><strong>Installerons un cookie sur votre ordinateur<\/strong><\/li>\n<\/ul>\n<p>Ce cookie est install\u00e9 \u00e0 des fins de marketing et de publicit\u00e9 uniquement. Nous ne collectons pas :<\/p>\n<ul>\n<li><strong>Les informations sur votre ordinateur, y compris votre adresse IP et l\u2019emplacement de votre ordinateur<\/strong><\/li>\n<li><strong>Quels autres sites vous avez visit\u00e9s r\u00e9cemment<\/strong><\/li>\n<\/ul>\n<p>Si vous ne souhaitez pas qu\u2019un cookie de notre site Web soit install\u00e9 sur votre ordinateur, vous pouvez activer \u00ab bloquer les cookies \u00bb sur votre navigateur de recherche.<\/p>\n<h2>Comment utilisons nous cette information?<\/h2>\n<p>Les principales raisons pour lesquelles nous collectons des informations vous concernant sont :<\/p>\n<ul>\n<li><strong>La gestion de la relation client<\/strong><\/li>\n<li><strong>Le Service \u00e0 la clientele<\/strong><\/li>\n<li><strong>Le marketing<\/strong><\/li>\n<\/ul>\n<p>Les informations que vous fournissez sont utilis\u00e9es uniquement \u00e0 des fins de communication directe avec vous. Nous ne divulguerons pas vos informations \u00e0 une autre soci\u00e9t\u00e9 sans votre consentement. Cependant, dans certains cas, nous pouvons transmettre votre nom et votre adresse (par exemple \u00e0 une entreprise de messagerie pour effectuer une livraison) lorsque le consentement est implicite, car nous entretenons une relation commerciale continue avec vous.<\/p>\n","protected":false},"excerpt":{"rendered":"<p>Nous recueillons des renseignements personnels aupr\u00e8s des visiteurs de notre site Web dans le cours normal de nos activit\u00e9s. Les informations ci-dessous vous permettent de savoir exactement comment nous prot\u00e9geons les informations que vous nous confiez. Quelles informations personnelles collectez-vous \u00e0 mon sujet ? Nous collectons les informations suivantes vous concernant si vous nous contactez [&#8230;]<\/p>\n<p><a class=\"btn btn-secondary understrap-read-more-link\" href=\"https:\/\/www.no2-cef.ca\/fr\/politique-de-confidentialite\/\">Lire la suite&#8230;<\/a><\/p>\n","protected":false},"author":1,"featured_media":0,"parent":0,"menu_order":0,"comment_status":"closed","ping_status":"closed","template":"","meta":{"footnotes":""},"class_list":["post-227","page","type-page","status-publish","hentry"],"acf":[],"_links":{"self":[{"href":"https:\/\/www.no2-cef.ca\/fr\/wp-json\/wp\/v2\/pages\/227","targetHints":{"allow":["GET"]}}],"collection":[{"href":"https:\/\/www.no2-cef.ca\/fr\/wp-json\/wp\/v2\/pages"}],"about":[{"href":"https:\/\/www.no2-cef.ca\/fr\/wp-json\/wp\/v2\/types\/page"}],"author":[{"embeddable":true,"href":"https:\/\/www.no2-cef.ca\/fr\/wp-json\/wp\/v2\/users\/1"}],"replies":[{"embeddable":true,"href":"https:\/\/www.no2-cef.ca\/fr\/wp-json\/wp\/v2\/comments?post=227"}],"version-history":[{"count":4,"href":"https:\/\/www.no2-cef.ca\/fr\/wp-json\/wp\/v2\/pages\/227\/revisions"}],"predecessor-version":[{"id":423,"href":"https:\/\/www.no2-cef.ca\/fr\/wp-json\/wp\/v2\/pages\/227\/revisions\/423"}],"wp:attachment":[{"href":"https:\/\/www.no2-cef.ca\/fr\/wp-json\/wp\/v2\/media?parent=227"}],"curies":[{"name":"wp","href":"https:\/\/api.w.org\/{rel}","templated":true}]}}